{"id":589,"date":"2019-08-14T07:59:01","date_gmt":"2019-08-14T07:59:01","guid":{"rendered":"http:\/\/webnus.men\/yoga\/elementor\/?page_id=589"},"modified":"2025-09-01T09:17:59","modified_gmt":"2025-09-01T07:17:59","slug":"tarifsethoraire","status":"publish","type":"page","link":"http:\/\/studioryoga.be\/index.php\/tarifsethoraire\/","title":{"rendered":"Horaire et Tarifs"},"content":{"rendered":"\t\t<div data-elementor-type=\"wp-page\" data-elementor-id=\"589\" class=\"elementor elementor-589\">\n\t\t\t\t\t\t\t\t\t<section class=\"wn-layer-anim-bottom elementor-section elementor-top-section elementor-element elementor-element-81d77ec elementor-section-boxed elementor-section-height-default elementor-section-height-default elementor-invisible\" data-id=\"81d77ec\" data-element_type=\"section\" data-settings=\"{&quot;animation&quot;:&quot;fadeInDown&quot;}\">\n\t\t\t\t\t\t<div class=\"elementor-container elementor-column-gap-default\">\n\t\t\t\t\t<div class=\"elementor-column elementor-col-100 elementor-top-column elementor-element elementor-element-5623970\" data-id=\"5623970\" data-element_type=\"column\">\n\t\t\t<div class=\"elementor-widget-wrap\">\n\t\t\t\t\t\t\t\t\t<\/div>\n\t\t<\/div>\n\t\t\t\t\t\t\t<\/div>\n\t\t<\/section>\n\t\t\t\t<section class=\"elementor-section elementor-top-section elementor-element elementor-element-6ce3081 elementor-section-boxed elementor-section-height-default elementor-section-height-default\" data-id=\"6ce3081\" data-element_type=\"section\">\n\t\t\t\t\t\t<div class=\"elementor-container elementor-column-gap-default\">\n\t\t\t\t\t<div class=\"elementor-column elementor-col-100 elementor-top-column elementor-element elementor-element-e3b42f8\" data-id=\"e3b42f8\" data-element_type=\"column\">\n\t\t\t<div class=\"elementor-widget-wrap elementor-element-populated\">\n\t\t\t\t\t\t\t\t<div class=\"elementor-element elementor-element-837960a elementor-widget elementor-widget-schedule\" data-id=\"837960a\" data-element_type=\"widget\" data-widget_type=\"schedule.default\">\n\t\t\t\t<div class=\"elementor-widget-container\">\n\t\t\t\r\n\t\t<div class=\"wn-schedule-wrap  \"  >\r\n\t\t\t<div class=\"wn-schedule-box\">\r\n\t\t\t\t<div class=\"wn-schedule-date w-s-date-start\">Lundi<\/div><div class=\"wn-schedule-event\"><div class=\"wn-schedule-time\">Lundi<\/div><div class=\"wn-schedule-content\"><div class=\"wn-schedule-title\">9h30-10h30 Pilates Niveau D\u00e9butant<\/div><div class=\"wn-schedule-presenter\"> <img decoding=\"async\" src=\"http:\/\/studioryoga.be\/wp-content\/uploads\/2022\/01\/270224210_235678138706836_330274738232174656_n-28x28.jpg\" alt=\"Grazy\"> Grazy<\/div><div class=\"wn-schedule-location\">Studio R Yoga<\/div><\/div><\/div><div class=\"wn-schedule-event\"><div class=\"wn-schedule-time\">Lundi<\/div><div class=\"wn-schedule-content\"><div class=\"wn-schedule-title\">17h10-18h10 Renforcement musculaire<\/div><div class=\"wn-schedule-presenter\"> <img decoding=\"async\" src=\"http:\/\/studioryoga.be\/wp-content\/uploads\/2022\/01\/DSC_3918-1-scaled-28x28.jpg\" alt=\"Sarah\"> Sarah<\/div><div class=\"wn-schedule-location\">Studio R Yoga<\/div><\/div><\/div><div class=\"wn-schedule-event\"><div class=\"wn-schedule-time\">Lundi<\/div><div class=\"wn-schedule-content\"><div class=\"wn-schedule-title\">18h20-19h20 Vinyasa Yoga<\/div><div class=\"wn-schedule-presenter\"> <img decoding=\"async\" src=\"http:\/\/studioryoga.be\/wp-content\/uploads\/2022\/01\/DSC_3918-1-scaled-28x28.jpg\" alt=\"Sarah\"> Sarah<\/div><div class=\"wn-schedule-location\">Studio R Yoga<\/div><\/div><\/div><div class=\"wn-schedule-event\"><div class=\"wn-schedule-time\">Lundi<\/div><div class=\"wn-schedule-content\"><div class=\"wn-schedule-title\">19h30-20h30 Yoga A\u00e9rien<\/div><div class=\"wn-schedule-presenter\"> <img decoding=\"async\" src=\"http:\/\/studioryoga.be\/wp-content\/uploads\/2022\/01\/DSC_3918-1-scaled-28x28.jpg\" alt=\"Sarah\"> Sarah<\/div><div class=\"wn-schedule-location\">Studio R Yoga<\/div><\/div><\/div>\r\n\t\t\t\t<div class=\"wn-schedule-date w-s-date-end\"><\/div>\r\n\t\t\t<\/div>\r\n\t\t<\/div>\t\t<\/div>\n\t\t\t\t<\/div>\n\t\t\t\t<div class=\"elementor-element elementor-element-f0d736f elementor-widget elementor-widget-schedule\" data-id=\"f0d736f\" data-element_type=\"widget\" data-widget_type=\"schedule.default\">\n\t\t\t\t<div class=\"elementor-widget-container\">\n\t\t\t\r\n\t\t<div class=\"wn-schedule-wrap  \"  >\r\n\t\t\t<div class=\"wn-schedule-box\">\r\n\t\t\t\t<div class=\"wn-schedule-date w-s-date-start\">Mardi<\/div><div class=\"wn-schedule-event\"><div class=\"wn-schedule-time\">Mardi<\/div><div class=\"wn-schedule-content\"><div class=\"wn-schedule-title\">18h-19h Pilates Niveau D\u00e9butant<\/div><div class=\"wn-schedule-presenter\"> <img decoding=\"async\" src=\"http:\/\/studioryoga.be\/wp-content\/uploads\/2022\/01\/270224210_235678138706836_330274738232174656_n-28x28.jpg\" alt=\"Grazy\"> Grazy<\/div><div class=\"wn-schedule-location\">Studio R Yoga<\/div><\/div><\/div><div class=\"wn-schedule-event\"><div class=\"wn-schedule-time\">Mardi<\/div><div class=\"wn-schedule-content\"><div class=\"wn-schedule-title\">19h-20h Pilates Niveau d\u00e9butant<\/div><div class=\"wn-schedule-presenter\"> <img decoding=\"async\" src=\"http:\/\/studioryoga.be\/wp-content\/uploads\/2022\/01\/270224210_235678138706836_330274738232174656_n-28x28.jpg\" alt=\"Grazy\"> Grazy<\/div><div class=\"wn-schedule-location\">Studio R Yoga<\/div><\/div><\/div><div class=\"wn-schedule-event\"><div class=\"wn-schedule-time\">Mardi<\/div><div class=\"wn-schedule-content\"><div class=\"wn-schedule-title\">20h-21h Cuisses - Abdos - Fessiers<\/div><div class=\"wn-schedule-presenter\"> <img decoding=\"async\" src=\"http:\/\/studioryoga.be\/wp-content\/uploads\/2022\/01\/270224210_235678138706836_330274738232174656_n-28x28.jpg\" alt=\"Grazy\"> Grazy<\/div><div class=\"wn-schedule-location\">Studio R Yoga<\/div><\/div><\/div>\r\n\t\t\t\t<div class=\"wn-schedule-date w-s-date-end\"><\/div>\r\n\t\t\t<\/div>\r\n\t\t<\/div>\t\t<\/div>\n\t\t\t\t<\/div>\n\t\t\t\t\t<\/div>\n\t\t<\/div>\n\t\t\t\t\t\t\t<\/div>\n\t\t<\/section>\n\t\t\t\t<section class=\"elementor-section elementor-top-section elementor-element elementor-element-cdf7dee elementor-section-boxed elementor-section-height-default elementor-section-height-default\" data-id=\"cdf7dee\" data-element_type=\"section\">\n\t\t\t\t\t\t<div class=\"elementor-container elementor-column-gap-default\">\n\t\t\t\t\t<div class=\"elementor-column elementor-col-100 elementor-top-column elementor-element elementor-element-39e47f8\" data-id=\"39e47f8\" data-element_type=\"column\">\n\t\t\t<div class=\"elementor-widget-wrap elementor-element-populated\">\n\t\t\t\t\t\t\t\t<div class=\"elementor-element elementor-element-f79a300 elementor-widget elementor-widget-schedule\" data-id=\"f79a300\" data-element_type=\"widget\" data-widget_type=\"schedule.default\">\n\t\t\t\t<div class=\"elementor-widget-container\">\n\t\t\t\r\n\t\t<div class=\"wn-schedule-wrap  \"  >\r\n\t\t\t<div class=\"wn-schedule-box\">\r\n\t\t\t\t<div class=\"wn-schedule-date w-s-date-start\">Mercredi<\/div><div class=\"wn-schedule-event\"><div class=\"wn-schedule-time\">Mercredi<\/div><div class=\"wn-schedule-content\"><div class=\"wn-schedule-title\">17h30 - 18h30 Pilates initiation<\/div><div class=\"wn-schedule-presenter\"> <img decoding=\"async\" src=\"http:\/\/studioryoga.be\/wp-content\/uploads\/2022\/01\/270224210_235678138706836_330274738232174656_n-28x28.jpg\" alt=\"Grazy\"> Grazy<\/div><div class=\"wn-schedule-location\">Studio R Yoga<\/div><\/div><\/div><div class=\"wn-schedule-event\"><div class=\"wn-schedule-time\">Mercredi<\/div><div class=\"wn-schedule-content\"><div class=\"wn-schedule-title\">18h40 - 19h40 Vinyasa Yoga<\/div><div class=\"wn-schedule-presenter\"> <img decoding=\"async\" src=\"http:\/\/studioryoga.be\/wp-content\/uploads\/2022\/01\/DSC_3918-1-scaled-28x28.jpg\" alt=\"Sarah\"> Sarah<\/div><div class=\"wn-schedule-location\">Studio R Yoga<\/div><\/div><\/div><div class=\"wn-schedule-event\"><div class=\"wn-schedule-time\">Mercredi<\/div><div class=\"wn-schedule-content\"><div class=\"wn-schedule-title\">19h50 - 20h50 Yin Yoga<\/div><div class=\"wn-schedule-presenter\"> <img decoding=\"async\" src=\"http:\/\/studioryoga.be\/wp-content\/uploads\/2022\/01\/DSC_3918-1-scaled-28x28.jpg\" alt=\"Sarah\"> Sarah<\/div><div class=\"wn-schedule-location\">Studio R Yoga<\/div><\/div><\/div>\r\n\t\t\t\t<div class=\"wn-schedule-date w-s-date-end\"><\/div>\r\n\t\t\t<\/div>\r\n\t\t<\/div>\t\t<\/div>\n\t\t\t\t<\/div>\n\t\t\t\t\t<\/div>\n\t\t<\/div>\n\t\t\t\t\t\t\t<\/div>\n\t\t<\/section>\n\t\t\t\t<section class=\"elementor-section elementor-top-section elementor-element elementor-element-d967a28 elementor-section-boxed elementor-section-height-default elementor-section-height-default\" data-id=\"d967a28\" data-element_type=\"section\">\n\t\t\t\t\t\t<div class=\"elementor-container elementor-column-gap-default\">\n\t\t\t\t\t<div class=\"elementor-column elementor-col-100 elementor-top-column elementor-element elementor-element-187fd8e\" data-id=\"187fd8e\" data-element_type=\"column\">\n\t\t\t<div class=\"elementor-widget-wrap elementor-element-populated\">\n\t\t\t\t\t\t\t\t<div class=\"elementor-element elementor-element-86d7808 elementor-widget elementor-widget-schedule\" data-id=\"86d7808\" data-element_type=\"widget\" data-widget_type=\"schedule.default\">\n\t\t\t\t<div class=\"elementor-widget-container\">\n\t\t\t\r\n\t\t<div class=\"wn-schedule-wrap  \"  >\r\n\t\t\t<div class=\"wn-schedule-box\">\r\n\t\t\t\t<div class=\"wn-schedule-date w-s-date-start\">Jeudi<\/div><div class=\"wn-schedule-event\"><div class=\"wn-schedule-time\">Jeudi<\/div><div class=\"wn-schedule-content\"><div class=\"wn-schedule-title\">17h15 -18h15 Yoga a\u00e9rien<\/div><div class=\"wn-schedule-presenter\"> <img decoding=\"async\" src=\"http:\/\/studioryoga.be\/wp-content\/uploads\/2022\/01\/DSC_3918-1-scaled-28x28.jpg\" alt=\"Sarah\"> Sarah<\/div><div class=\"wn-schedule-location\">Studio R Yoga<\/div><\/div><\/div><div class=\"wn-schedule-event\"><div class=\"wn-schedule-time\">Jeudi<\/div><div class=\"wn-schedule-content\"><div class=\"wn-schedule-title\">18h30 -19h30 Flow Yoga et Inversions<\/div><div class=\"wn-schedule-presenter\"> <img decoding=\"async\" src=\"http:\/\/studioryoga.be\/wp-content\/uploads\/2022\/01\/DSC_3918-1-scaled-28x28.jpg\" alt=\"Sarah\"> Sarah<\/div><div class=\"wn-schedule-location\">Studio R Yoga<\/div><\/div><\/div><div class=\"wn-schedule-event\"><div class=\"wn-schedule-time\">Jeudi<\/div><div class=\"wn-schedule-content\"><div class=\"wn-schedule-title\">19h35- 20h35 Pilates interm\u00e9diaire<\/div><div class=\"wn-schedule-presenter\"> <img decoding=\"async\" src=\"http:\/\/studioryoga.be\/wp-content\/uploads\/2022\/01\/270224210_235678138706836_330274738232174656_n-28x28.jpg\" alt=\"Grazy\"> Grazy<\/div><div class=\"wn-schedule-location\">Studio R Yoga<\/div><\/div><\/div>\r\n\t\t\t\t<div class=\"wn-schedule-date w-s-date-end\"><\/div>\r\n\t\t\t<\/div>\r\n\t\t<\/div>\t\t<\/div>\n\t\t\t\t<\/div>\n\t\t\t\t\t<\/div>\n\t\t<\/div>\n\t\t\t\t\t\t\t<\/div>\n\t\t<\/section>\n\t\t\t\t<section class=\"elementor-section elementor-top-section elementor-element elementor-element-849943c elementor-section-boxed elementor-section-height-default elementor-section-height-default\" data-id=\"849943c\" data-element_type=\"section\">\n\t\t\t\t\t\t<div class=\"elementor-container elementor-column-gap-default\">\n\t\t\t\t\t<div class=\"elementor-column elementor-col-100 elementor-top-column elementor-element elementor-element-22f071c\" data-id=\"22f071c\" data-element_type=\"column\">\n\t\t\t<div class=\"elementor-widget-wrap elementor-element-populated\">\n\t\t\t\t\t\t\t\t<div class=\"elementor-element elementor-element-9f9a6c7 elementor-widget elementor-widget-schedule\" data-id=\"9f9a6c7\" data-element_type=\"widget\" data-widget_type=\"schedule.default\">\n\t\t\t\t<div class=\"elementor-widget-container\">\n\t\t\t\r\n\t\t<div class=\"wn-schedule-wrap  \"  >\r\n\t\t\t<div class=\"wn-schedule-box\">\r\n\t\t\t\t<div class=\"wn-schedule-date w-s-date-start\">Samedi<\/div><div class=\"wn-schedule-event\"><div class=\"wn-schedule-time\">Samedi<\/div><div class=\"wn-schedule-content\"><div class=\"wn-schedule-title\">9h - 10h Pilates Avanc\u00e9<\/div><div class=\"wn-schedule-presenter\"> <img decoding=\"async\" src=\"http:\/\/studioryoga.be\/wp-content\/uploads\/2022\/01\/270224210_235678138706836_330274738232174656_n-28x28.jpg\" alt=\"Grazy\"> Grazy<\/div><div class=\"wn-schedule-location\">Studio R Yoga<\/div><\/div><\/div><div class=\"wn-schedule-event\"><div class=\"wn-schedule-time\">Samedi<\/div><div class=\"wn-schedule-content\"><div class=\"wn-schedule-title\">10h15 - 12h15 Atelier<\/div><\/div><\/div>\r\n\t\t\t\t<div class=\"wn-schedule-date w-s-date-end\"><\/div>\r\n\t\t\t<\/div>\r\n\t\t<\/div>\t\t<\/div>\n\t\t\t\t<\/div>\n\t\t\t\t\t<\/div>\n\t\t<\/div>\n\t\t\t\t\t\t\t<\/div>\n\t\t<\/section>\n\t\t\t\t<section class=\"elementor-section elementor-top-section elementor-element elementor-element-161d26a elementor-section-boxed elementor-section-height-default elementor-section-height-default\" data-id=\"161d26a\" data-element_type=\"section\">\n\t\t\t\t\t\t<div class=\"elementor-container elementor-column-gap-default\">\n\t\t\t\t\t<div class=\"elementor-column elementor-col-50 elementor-top-column elementor-element elementor-element-2c3bdbd\" data-id=\"2c3bdbd\" data-element_type=\"column\">\n\t\t\t<div class=\"elementor-widget-wrap elementor-element-populated\">\n\t\t\t\t\t\t\t\t<div class=\"elementor-element elementor-element-1b4c113 elementor-widget elementor-widget-image\" data-id=\"1b4c113\" data-element_type=\"widget\" data-widget_type=\"image.default\">\n\t\t\t\t<div class=\"elementor-widget-container\">\n\t\t\t<style>\/*! elementor - v3.6.6 - 08-06-2022 *\/\n.elementor-widget-image{text-align:center}.elementor-widget-image a{display:inline-block}.elementor-widget-image a img[src$=\".svg\"]{width:48px}.elementor-widget-image img{vertical-align:middle;display:inline-block}<\/style>\t\t\t\t\t\t\t\t\t\t\t\t<img loading=\"lazy\" decoding=\"async\" width=\"640\" height=\"800\" src=\"http:\/\/studioryoga.be\/wp-content\/uploads\/2025\/09\/fd00df50-42d6-485a-9a18-64557706033d-819x1024.jpg\" class=\"attachment-large size-large\" alt=\"\" srcset=\"http:\/\/studioryoga.be\/wp-content\/uploads\/2025\/09\/fd00df50-42d6-485a-9a18-64557706033d-819x1024.jpg 819w, http:\/\/studioryoga.be\/wp-content\/uploads\/2025\/09\/fd00df50-42d6-485a-9a18-64557706033d-240x300.jpg 240w, http:\/\/studioryoga.be\/wp-content\/uploads\/2025\/09\/fd00df50-42d6-485a-9a18-64557706033d-768x960.jpg 768w, http:\/\/studioryoga.be\/wp-content\/uploads\/2025\/09\/fd00df50-42d6-485a-9a18-64557706033d.jpg 1080w\" sizes=\"auto, (max-width: 640px) 100vw, 640px\" \/>\t\t\t\t\t\t\t\t\t\t\t\t\t\t\t<\/div>\n\t\t\t\t<\/div>\n\t\t\t\t\t<\/div>\n\t\t<\/div>\n\t\t\t\t<div class=\"elementor-column elementor-col-50 elementor-top-column elementor-element elementor-element-6d88f2a\" data-id=\"6d88f2a\" data-element_type=\"column\">\n\t\t\t<div class=\"elementor-widget-wrap elementor-element-populated\">\n\t\t\t\t\t\t\t\t<div class=\"elementor-element elementor-element-4c2b455 elementor-widget elementor-widget-image\" data-id=\"4c2b455\" data-element_type=\"widget\" data-widget_type=\"image.default\">\n\t\t\t\t<div class=\"elementor-widget-container\">\n\t\t\t\t\t\t\t\t\t\t\t\t\t\t\t<img loading=\"lazy\" decoding=\"async\" width=\"640\" height=\"800\" src=\"http:\/\/studioryoga.be\/wp-content\/uploads\/2025\/09\/cab50a85-609d-40e7-9bbf-e43c76504d74-819x1024.jpg\" class=\"attachment-large size-large\" alt=\"\" srcset=\"http:\/\/studioryoga.be\/wp-content\/uploads\/2025\/09\/cab50a85-609d-40e7-9bbf-e43c76504d74-819x1024.jpg 819w, http:\/\/studioryoga.be\/wp-content\/uploads\/2025\/09\/cab50a85-609d-40e7-9bbf-e43c76504d74-240x300.jpg 240w, http:\/\/studioryoga.be\/wp-content\/uploads\/2025\/09\/cab50a85-609d-40e7-9bbf-e43c76504d74-768x960.jpg 768w, http:\/\/studioryoga.be\/wp-content\/uploads\/2025\/09\/cab50a85-609d-40e7-9bbf-e43c76504d74.jpg 1080w\" sizes=\"auto, (max-width: 640px) 100vw, 640px\" \/>\t\t\t\t\t\t\t\t\t\t\t\t\t\t\t<\/div>\n\t\t\t\t<\/div>\n\t\t\t\t\t<\/div>\n\t\t<\/div>\n\t\t\t\t\t\t\t<\/div>\n\t\t<\/section>\n\t\t\t\t<section class=\"elementor-section elementor-top-section elementor-element elementor-element-cf76e14 elementor-section-boxed elementor-section-height-default elementor-section-height-default\" data-id=\"cf76e14\" data-element_type=\"section\">\n\t\t\t\t\t\t<div class=\"elementor-container elementor-column-gap-default\">\n\t\t\t\t\t<div class=\"elementor-column elementor-col-50 elementor-top-column elementor-element elementor-element-d1a9cb7\" data-id=\"d1a9cb7\" data-element_type=\"column\">\n\t\t\t<div class=\"elementor-widget-wrap elementor-element-populated\">\n\t\t\t\t\t\t\t\t<div class=\"elementor-element elementor-element-a505570 elementor-widget elementor-widget-image\" data-id=\"a505570\" data-element_type=\"widget\" data-widget_type=\"image.default\">\n\t\t\t\t<div class=\"elementor-widget-container\">\n\t\t\t\t\t\t\t\t\t\t\t\t\t\t\t<img loading=\"lazy\" decoding=\"async\" width=\"640\" height=\"800\" src=\"http:\/\/studioryoga.be\/wp-content\/uploads\/2025\/09\/bcea0807-5060-4beb-b50c-887e504b3cb6-819x1024.jpg\" class=\"attachment-large size-large\" alt=\"\" srcset=\"http:\/\/studioryoga.be\/wp-content\/uploads\/2025\/09\/bcea0807-5060-4beb-b50c-887e504b3cb6-819x1024.jpg 819w, http:\/\/studioryoga.be\/wp-content\/uploads\/2025\/09\/bcea0807-5060-4beb-b50c-887e504b3cb6-240x300.jpg 240w, http:\/\/studioryoga.be\/wp-content\/uploads\/2025\/09\/bcea0807-5060-4beb-b50c-887e504b3cb6-768x960.jpg 768w, http:\/\/studioryoga.be\/wp-content\/uploads\/2025\/09\/bcea0807-5060-4beb-b50c-887e504b3cb6.jpg 1080w\" sizes=\"auto, (max-width: 640px) 100vw, 640px\" \/>\t\t\t\t\t\t\t\t\t\t\t\t\t\t\t<\/div>\n\t\t\t\t<\/div>\n\t\t\t\t\t<\/div>\n\t\t<\/div>\n\t\t\t\t<div class=\"elementor-column elementor-col-50 elementor-top-column elementor-element elementor-element-a420877\" data-id=\"a420877\" data-element_type=\"column\">\n\t\t\t<div class=\"elementor-widget-wrap elementor-element-populated\">\n\t\t\t\t\t\t\t\t<div class=\"elementor-element elementor-element-4db05ff elementor-widget elementor-widget-image\" data-id=\"4db05ff\" data-element_type=\"widget\" data-widget_type=\"image.default\">\n\t\t\t\t<div class=\"elementor-widget-container\">\n\t\t\t\t\t\t\t\t\t\t\t\t\t\t\t<img loading=\"lazy\" decoding=\"async\" width=\"640\" height=\"800\" src=\"http:\/\/studioryoga.be\/wp-content\/uploads\/2025\/09\/40ce52ba-9032-4aa8-9276-4f38e92ac83c-819x1024.jpg\" class=\"attachment-large size-large\" alt=\"\" srcset=\"http:\/\/studioryoga.be\/wp-content\/uploads\/2025\/09\/40ce52ba-9032-4aa8-9276-4f38e92ac83c-819x1024.jpg 819w, http:\/\/studioryoga.be\/wp-content\/uploads\/2025\/09\/40ce52ba-9032-4aa8-9276-4f38e92ac83c-240x300.jpg 240w, http:\/\/studioryoga.be\/wp-content\/uploads\/2025\/09\/40ce52ba-9032-4aa8-9276-4f38e92ac83c-768x960.jpg 768w, http:\/\/studioryoga.be\/wp-content\/uploads\/2025\/09\/40ce52ba-9032-4aa8-9276-4f38e92ac83c.jpg 1080w\" sizes=\"auto, (max-width: 640px) 100vw, 640px\" \/>\t\t\t\t\t\t\t\t\t\t\t\t\t\t\t<\/div>\n\t\t\t\t<\/div>\n\t\t\t\t\t<\/div>\n\t\t<\/div>\n\t\t\t\t\t\t\t<\/div>\n\t\t<\/section>\n\t\t\t\t\t\t\t<\/div>\n\t\t","protected":false},"excerpt":{"rendered":"<p>LundiLundi9h30-10h30 Pilates Niveau D\u00e9butant GrazyStudio R YogaLundi17h10-18h10 Renforcement musculaire SarahStudio R YogaLundi18h20-19h20 Vinyasa Yoga SarahStudio R YogaLundi19h30-20h30 Yoga A\u00e9rien SarahStudio R Yoga MardiMardi18h-19h Pilates Niveau D\u00e9butant GrazyStudio R YogaMardi19h-20h Pilates Niveau d\u00e9butant GrazyStudio R YogaMardi20h-21h Cuisses &#8211; Abdos &#8211; Fessiers GrazyStudio R Yoga MercrediMercredi17h30 &#8211; 18h30 Pilates initiation GrazyStudio R YogaMercredi18h40 &#8211; 19h40 Vinyasa Yoga SarahStudio R YogaMercredi19h50 &#8211; 20h50 Yin Yoga SarahStudio R Yoga JeudiJeudi17h15 -18h15 Yoga a\u00e9rien SarahStudio R YogaJeudi18h30 -19h30 Flow Yoga et Inversions SarahStudio R YogaJeudi19h35- 20h35 Pilates interm\u00e9diaire GrazyStudio R Yoga SamediSamedi9h &#8211; 10h Pilates Avanc\u00e9 GrazyStudio R YogaSamedi10h15 &#8211; 12h15 Atelier<\/p>\n","protected":false},"author":1,"featured_media":0,"parent":0,"menu_order":0,"comment_status":"closed","ping_status":"closed","template":"","meta":{"footnotes":""},"class_list":["post-589","page","type-page","status-publish","hentry"],"_links":{"self":[{"href":"http:\/\/studioryoga.be\/index.php\/wp-json\/wp\/v2\/pages\/589","targetHints":{"allow":["GET"]}}],"collection":[{"href":"http:\/\/studioryoga.be\/index.php\/wp-json\/wp\/v2\/pages"}],"about":[{"href":"http:\/\/studioryoga.be\/index.php\/wp-json\/wp\/v2\/types\/page"}],"author":[{"embeddable":true,"href":"http:\/\/studioryoga.be\/index.php\/wp-json\/wp\/v2\/users\/1"}],"replies":[{"embeddable":true,"href":"http:\/\/studioryoga.be\/index.php\/wp-json\/wp\/v2\/comments?post=589"}],"version-history":[{"count":75,"href":"http:\/\/studioryoga.be\/index.php\/wp-json\/wp\/v2\/pages\/589\/revisions"}],"predecessor-version":[{"id":2492,"href":"http:\/\/studioryoga.be\/index.php\/wp-json\/wp\/v2\/pages\/589\/revisions\/2492"}],"wp:attachment":[{"href":"http:\/\/studioryoga.be\/index.php\/wp-json\/wp\/v2\/media?parent=589"}],"curies":[{"name":"wp","href":"https:\/\/api.w.org\/{rel}","templated":true}]}}