{"id":2333,"date":"2022-06-23T11:45:35","date_gmt":"2022-06-23T09:45:35","guid":{"rendered":"http:\/\/studioryoga.be\/?page_id=2333"},"modified":"2024-11-02T20:20:45","modified_gmt":"2024-11-02T19:20:45","slug":"retraite","status":"publish","type":"page","link":"http:\/\/studioryoga.be\/index.php\/retraite\/","title":{"rendered":"RETRAITE"},"content":{"rendered":"\n<p>Abruzzes (Italie) 2025<\/p>\n\n\n\n<p>DU .. au .. Mai 2025 (d\u00e9but Mai) \u00e0 pr\u00e9ciser<\/p>\n\n\n\n<p><strong>A quoi s&#8217;attendre?<\/strong> <\/p>\n\n\n\n<p>1 \u00e0 2 pratiques de vinyasa yoga\/jour Ou 1 pratique de Pilates<\/p>\n\n\n\n<p>tous niveaux<\/p>\n\n\n\n<p>Activit\u00e9s possibles : Randonn\u00e9e<\/p>\n\n\n\n<p><strong>int\u00e9ress\u00e9(e) ?<\/strong>  studioryoga@gmail.com<\/p>\n\n\n\n<div class=\"wp-block-group is-layout-grid wp-container-core-group-is-layout-9649a0d9 wp-block-group-is-layout-grid\">\n<div class=\"wp-block-columns is-layout-flex wp-container-core-columns-is-layout-9d6595d7 wp-block-columns-is-layout-flex\">\n<div class=\"wp-block-column is-layout-flow wp-block-column-is-layout-flow\" style=\"flex-basis:100%\">\n<figure class=\"wp-block-image size-medium is-style-default\"><a href=\"http:\/\/studioryoga.be\/wp-content\/uploads\/2024\/11\/462551807_2039696166487345_3119945462107767182_n.jpg\"><img loading=\"lazy\" decoding=\"async\" width=\"225\" height=\"300\" src=\"http:\/\/studioryoga.be\/wp-content\/uploads\/2024\/11\/462551807_2039696166487345_3119945462107767182_n-225x300.jpg\" alt=\"\" class=\"wp-image-2432\" srcset=\"http:\/\/studioryoga.be\/wp-content\/uploads\/2024\/11\/462551807_2039696166487345_3119945462107767182_n-225x300.jpg 225w, http:\/\/studioryoga.be\/wp-content\/uploads\/2024\/11\/462551807_2039696166487345_3119945462107767182_n-768x1024.jpg 768w, http:\/\/studioryoga.be\/wp-content\/uploads\/2024\/11\/462551807_2039696166487345_3119945462107767182_n-300x400.jpg 300w, http:\/\/studioryoga.be\/wp-content\/uploads\/2024\/11\/462551807_2039696166487345_3119945462107767182_n-1152x1536.jpg 1152w, http:\/\/studioryoga.be\/wp-content\/uploads\/2024\/11\/462551807_2039696166487345_3119945462107767182_n.jpg 1512w\" sizes=\"auto, (max-width: 225px) 100vw, 225px\" \/><\/a><\/figure>\n<\/div>\n<\/div>\n\n\n\n<figure class=\"wp-block-image size-medium is-resized\"><a href=\"http:\/\/studioryoga.be\/wp-content\/uploads\/2024\/11\/462542616_923558393021816_8219380958747747896_n.jpg\"><img loading=\"lazy\" decoding=\"async\" width=\"225\" height=\"300\" src=\"http:\/\/studioryoga.be\/wp-content\/uploads\/2024\/11\/462542616_923558393021816_8219380958747747896_n-225x300.jpg\" alt=\"\" class=\"wp-image-2433\" style=\"width:226px;height:auto\" srcset=\"http:\/\/studioryoga.be\/wp-content\/uploads\/2024\/11\/462542616_923558393021816_8219380958747747896_n-225x300.jpg 225w, http:\/\/studioryoga.be\/wp-content\/uploads\/2024\/11\/462542616_923558393021816_8219380958747747896_n-768x1024.jpg 768w, http:\/\/studioryoga.be\/wp-content\/uploads\/2024\/11\/462542616_923558393021816_8219380958747747896_n-300x400.jpg 300w, http:\/\/studioryoga.be\/wp-content\/uploads\/2024\/11\/462542616_923558393021816_8219380958747747896_n-1152x1536.jpg 1152w, http:\/\/studioryoga.be\/wp-content\/uploads\/2024\/11\/462542616_923558393021816_8219380958747747896_n.jpg 1512w\" sizes=\"auto, (max-width: 225px) 100vw, 225px\" \/><\/a><\/figure>\n<\/div>\n\n\n\n<p><\/p>\n","protected":false},"excerpt":{"rendered":"<p>Abruzzes (Italie) 2025 DU .. au .. Mai 2025 (d\u00e9but Mai) \u00e0 pr\u00e9ciser A quoi s&#8217;attendre? 1 \u00e0 2 pratiques de vinyasa yoga\/jour Ou 1 pratique de Pilates tous niveaux Activit\u00e9s possibles : Randonn\u00e9e int\u00e9ress\u00e9(e) ? studioryoga@gmail.com<\/p>\n","protected":false},"author":1,"featured_media":0,"parent":0,"menu_order":0,"comment_status":"closed","ping_status":"closed","template":"","meta":{"footnotes":""},"class_list":["post-2333","page","type-page","status-publish","hentry"],"_links":{"self":[{"href":"http:\/\/studioryoga.be\/index.php\/wp-json\/wp\/v2\/pages\/2333","targetHints":{"allow":["GET"]}}],"collection":[{"href":"http:\/\/studioryoga.be\/index.php\/wp-json\/wp\/v2\/pages"}],"about":[{"href":"http:\/\/studioryoga.be\/index.php\/wp-json\/wp\/v2\/types\/page"}],"author":[{"embeddable":true,"href":"http:\/\/studioryoga.be\/index.php\/wp-json\/wp\/v2\/users\/1"}],"replies":[{"embeddable":true,"href":"http:\/\/studioryoga.be\/index.php\/wp-json\/wp\/v2\/comments?post=2333"}],"version-history":[{"count":5,"href":"http:\/\/studioryoga.be\/index.php\/wp-json\/wp\/v2\/pages\/2333\/revisions"}],"predecessor-version":[{"id":2434,"href":"http:\/\/studioryoga.be\/index.php\/wp-json\/wp\/v2\/pages\/2333\/revisions\/2434"}],"wp:attachment":[{"href":"http:\/\/studioryoga.be\/index.php\/wp-json\/wp\/v2\/media?parent=2333"}],"curies":[{"name":"wp","href":"https:\/\/api.w.org\/{rel}","templated":true}]}}