{"id":2,"date":"2021-12-30T13:12:18","date_gmt":"2021-12-30T12:12:18","guid":{"rendered":"http:\/\/studioryoga.be\/?page_id=2"},"modified":"2024-11-02T20:12:32","modified_gmt":"2024-11-02T19:12:32","slug":"page-d-exemple","status":"publish","type":"page","link":"http:\/\/studioryoga.be\/index.php\/page-d-exemple\/","title":{"rendered":"Page d\u2019exemple"},"content":{"rendered":"\t\t<div data-elementor-type=\"wp-page\" data-elementor-id=\"2\" class=\"elementor elementor-2\">\n\t\t\t\t\t\t\t\t\t<section class=\"elementor-section elementor-top-section elementor-element elementor-element-45e184f7 elementor-section-boxed elementor-section-height-default elementor-section-height-default\" data-id=\"45e184f7\" data-element_type=\"section\">\n\t\t\t\t\t\t<div class=\"elementor-container elementor-column-gap-default\">\n\t\t\t\t\t<div class=\"elementor-column elementor-col-100 elementor-top-column elementor-element elementor-element-526fa59e\" data-id=\"526fa59e\" data-element_type=\"column\">\n\t\t\t<div class=\"elementor-widget-wrap elementor-element-populated\">\n\t\t\t\t\t\t\t\t<div class=\"elementor-element elementor-element-7afa1c05 elementor-widget elementor-widget-text-editor\" data-id=\"7afa1c05\" data-element_type=\"widget\" data-widget_type=\"text-editor.default\">\n\t\t\t\t<div class=\"elementor-widget-container\">\n\t\t\t<style>\/*! elementor - v3.6.6 - 08-06-2022 *\/\n.elementor-widget-text-editor.elementor-drop-cap-view-stacked .elementor-drop-cap{background-color:#818a91;color:#fff}.elementor-widget-text-editor.elementor-drop-cap-view-framed .elementor-drop-cap{color:#818a91;border:3px solid;background-color:transparent}.elementor-widget-text-editor:not(.elementor-drop-cap-view-default) .elementor-drop-cap{margin-top:8px}.elementor-widget-text-editor:not(.elementor-drop-cap-view-default) .elementor-drop-cap-letter{width:1em;height:1em}.elementor-widget-text-editor .elementor-drop-cap{float:left;text-align:center;line-height:1;font-size:50px}.elementor-widget-text-editor .elementor-drop-cap-letter{display:inline-block}<\/style>\t\t\t\t<p><!-- wp:paragraph --><\/p>\n<p>Situ\u00e9 \u00e0 La Louvi\u00e8re, nous vous accueillons au Studio R Yoga du lundi au samedi selon nos horaires (voir onglet cours et tarifs)<\/p>\n<p>Nous mettons \u00e0 votre disposition le mat\u00e9riel n\u00e9cessaire \u00e0 votre pratique : tapis de yoga, briques, sangles, accessoires de pilates, halt\u00e8res, etc . N\u00e9anmoins, n&#8217;h\u00e9sitez pas \u00e0 apporter votre propre mat\u00e9riel si cela vous est plus confortable.<\/p>\n<p>Lors de votre arriv\u00e9e, merci d&#8217;enlever vos chaussures et de laisser vos effets personnels dans le meuble \u00e0 casier pr\u00e9vu \u00e0 cet effet.<\/p>\n<p>Adresse : Rue de l&#8217;Union des M\u00e9tiers 22 &#8211; 7100 La Louvi\u00e8re<\/p><p>Parking : Place de la Cour d&#8217;Haine<\/p>\n<p><br><\/p>\n<p><!-- \/wp:paragraph --><\/p>\t\t\t\t\t\t<\/div>\n\t\t\t\t<\/div>\n\t\t\t\t\t<\/div>\n\t\t<\/div>\n\t\t\t\t\t\t\t<\/div>\n\t\t<\/section>\n\t\t\t\t\t\t\t<\/div>\n\t\t","protected":false},"excerpt":{"rendered":"<p>Situ\u00e9 \u00e0 La Louvi\u00e8re, nous vous accueillons au Studio R Yoga du lundi au samedi selon nos horaires (voir onglet cours et tarifs) Nous mettons \u00e0 votre disposition le mat\u00e9riel n\u00e9cessaire \u00e0 votre pratique : tapis de yoga, briques, sangles, accessoires de pilates, halt\u00e8res, etc . N\u00e9anmoins, n&#8217;h\u00e9sitez pas \u00e0 apporter votre propre mat\u00e9riel si cela vous est plus confortable. Lors de votre arriv\u00e9e, merci d&#8217;enlever vos chaussures et de laisser vos effets personnels dans le meuble \u00e0 casier pr\u00e9vu \u00e0 cet effet. Adresse : Rue de l&#8217;Union des M\u00e9tiers 22 &#8211; 7100 La Louvi\u00e8re Parking : Place de la Cour d&#8217;Haine<\/p>\n","protected":false},"author":1,"featured_media":0,"parent":0,"menu_order":0,"comment_status":"closed","ping_status":"open","template":"","meta":{"footnotes":""},"class_list":["post-2","page","type-page","status-publish","hentry"],"_links":{"self":[{"href":"http:\/\/studioryoga.be\/index.php\/wp-json\/wp\/v2\/pages\/2","targetHints":{"allow":["GET"]}}],"collection":[{"href":"http:\/\/studioryoga.be\/index.php\/wp-json\/wp\/v2\/pages"}],"about":[{"href":"http:\/\/studioryoga.be\/index.php\/wp-json\/wp\/v2\/types\/page"}],"author":[{"embeddable":true,"href":"http:\/\/studioryoga.be\/index.php\/wp-json\/wp\/v2\/users\/1"}],"replies":[{"embeddable":true,"href":"http:\/\/studioryoga.be\/index.php\/wp-json\/wp\/v2\/comments?post=2"}],"version-history":[{"count":9,"href":"http:\/\/studioryoga.be\/index.php\/wp-json\/wp\/v2\/pages\/2\/revisions"}],"predecessor-version":[{"id":2430,"href":"http:\/\/studioryoga.be\/index.php\/wp-json\/wp\/v2\/pages\/2\/revisions\/2430"}],"wp:attachment":[{"href":"http:\/\/studioryoga.be\/index.php\/wp-json\/wp\/v2\/media?parent=2"}],"curies":[{"name":"wp","href":"https:\/\/api.w.org\/{rel}","templated":true}]}}